{"id":1425,"date":"2024-06-10T14:31:18","date_gmt":"2024-06-10T14:31:18","guid":{"rendered":"https:\/\/grandfleuve.vn\/?page_id=1425"},"modified":"2024-07-18T02:30:32","modified_gmt":"2024-07-18T02:30:32","slug":"news","status":"publish","type":"page","link":"https:\/\/grandfleuve.vn\/vi\/news\/","title":{"rendered":"Tin T\u1ee9c M\u1edbi"},"content":{"rendered":"<div data-elementor-type=\"wp-page\" data-elementor-id=\"1425\" class=\"elementor elementor-1425\" data-elementor-post-type=\"page\">\n\t\t\t\t<div class=\"has_ae_slider elementor-element elementor-element-fa84b67 e-flex e-con-boxed ae-bg-gallery-type-default e-con e-parent\" data-id=\"fa84b67\" data-element_type=\"container\" data-settings=\"{&quot;background_background&quot;:&quot;classic&quot;,&quot;hoteller_ext_is_background_parallax&quot;:&quot;false&quot;,&quot;hoteller_ext_is_background_on_scroll&quot;:&quot;false&quot;,&quot;hoteller_ext_link_sidemenu&quot;:&quot;false&quot;,&quot;hoteller_ext_link_fullmenu&quot;:&quot;false&quot;,&quot;hoteller_ext_link_closed_fullmenu&quot;:&quot;false&quot;,&quot;hoteller_ext_is_scrollme&quot;:&quot;false&quot;,&quot;hoteller_ext_is_smoove&quot;:&quot;false&quot;,&quot;hoteller_ext_is_parallax_mouse&quot;:&quot;false&quot;,&quot;hoteller_ext_is_infinite&quot;:&quot;false&quot;,&quot;hoteller_ext_is_fadeout_animation&quot;:&quot;false&quot;,&quot;hoteller_ext_mobile_static&quot;:&quot;false&quot;}\">\n\t\t\t\t\t<div class=\"e-con-inner\">\n\t\t\t\t\t<\/div>\n\t\t\t\t<\/div>\n\t\t<div class=\"has_ae_slider elementor-element elementor-element-f2d2316 e-flex e-con-boxed ae-bg-gallery-type-default e-con e-parent\" data-id=\"f2d2316\" data-element_type=\"container\" data-settings=\"{&quot;background_background&quot;:&quot;classic&quot;,&quot;hoteller_ext_is_background_parallax&quot;:&quot;false&quot;,&quot;hoteller_ext_is_background_on_scroll&quot;:&quot;false&quot;,&quot;hoteller_ext_link_sidemenu&quot;:&quot;false&quot;,&quot;hoteller_ext_link_fullmenu&quot;:&quot;false&quot;,&quot;hoteller_ext_link_closed_fullmenu&quot;:&quot;false&quot;,&quot;hoteller_ext_is_scrollme&quot;:&quot;false&quot;,&quot;hoteller_ext_is_smoove&quot;:&quot;false&quot;,&quot;hoteller_ext_is_parallax_mouse&quot;:&quot;false&quot;,&quot;hoteller_ext_is_infinite&quot;:&quot;false&quot;,&quot;hoteller_ext_is_fadeout_animation&quot;:&quot;false&quot;,&quot;hoteller_ext_mobile_static&quot;:&quot;false&quot;}\">\n\t\t\t\t\t<div class=\"e-con-inner\">\n\t\t\t\t\t<\/div>\n\t\t\t\t<\/div>\n\t\t<div class=\"has_ae_slider elementor-element elementor-element-c3f3ed6 e-con-full e-flex ae-bg-gallery-type-default e-con e-parent\" data-id=\"c3f3ed6\" data-element_type=\"container\" data-settings=\"{&quot;hoteller_ext_is_background_parallax&quot;:&quot;false&quot;,&quot;hoteller_ext_is_background_on_scroll&quot;:&quot;false&quot;,&quot;hoteller_ext_link_sidemenu&quot;:&quot;false&quot;,&quot;hoteller_ext_link_fullmenu&quot;:&quot;false&quot;,&quot;hoteller_ext_link_closed_fullmenu&quot;:&quot;false&quot;,&quot;hoteller_ext_is_scrollme&quot;:&quot;false&quot;,&quot;hoteller_ext_is_smoove&quot;:&quot;false&quot;,&quot;hoteller_ext_is_parallax_mouse&quot;:&quot;false&quot;,&quot;hoteller_ext_is_infinite&quot;:&quot;false&quot;,&quot;hoteller_ext_is_fadeout_animation&quot;:&quot;false&quot;,&quot;hoteller_ext_mobile_static&quot;:&quot;false&quot;}\">\n\t\t\t\t<div class=\"elementor-element elementor-element-5a54ff8 elementor-grid-3 elementor-grid-tablet-2 elementor-grid-mobile-1 elementor-posts--thumbnail-top elementor-card-shadow-yes elementor-posts__hover-gradient elementor-widget elementor-widget-posts\" data-id=\"5a54ff8\" data-element_type=\"widget\" data-settings=\"{&quot;pagination_type&quot;:&quot;load_more_infinite_scroll&quot;,&quot;cards_columns&quot;:&quot;3&quot;,&quot;cards_columns_tablet&quot;:&quot;2&quot;,&quot;cards_columns_mobile&quot;:&quot;1&quot;,&quot;cards_row_gap&quot;:{&quot;unit&quot;:&quot;px&quot;,&quot;size&quot;:35,&quot;sizes&quot;:[]},&quot;cards_row_gap_tablet&quot;:{&quot;unit&quot;:&quot;px&quot;,&quot;size&quot;:&quot;&quot;,&quot;sizes&quot;:[]},&quot;cards_row_gap_mobile&quot;:{&quot;unit&quot;:&quot;px&quot;,&quot;size&quot;:&quot;&quot;,&quot;sizes&quot;:[]},&quot;load_more_spinner&quot;:{&quot;value&quot;:&quot;fas fa-spinner&quot;,&quot;library&quot;:&quot;fa-solid&quot;},&quot;hoteller_ext_link_sidemenu&quot;:&quot;false&quot;,&quot;hoteller_ext_link_fullmenu&quot;:&quot;false&quot;,&quot;hoteller_ext_link_closed_fullmenu&quot;:&quot;false&quot;,&quot;hoteller_ext_is_scrollme&quot;:&quot;false&quot;,&quot;hoteller_ext_is_smoove&quot;:&quot;false&quot;,&quot;hoteller_ext_is_parallax_mouse&quot;:&quot;false&quot;,&quot;hoteller_ext_is_infinite&quot;:&quot;false&quot;,&quot;hoteller_ext_is_fadeout_animation&quot;:&quot;false&quot;,&quot;hoteller_ext_mobile_static&quot;:&quot;false&quot;}\" data-widget_type=\"posts.cards\">\n\t\t\t\t<div class=\"elementor-widget-container\">\n\t\t\t<link rel=\"stylesheet\" href=\"https:\/\/grandfleuve.vn\/wp-content\/plugins\/elementor-pro\/assets\/css\/widget-posts.min.css\">\t\t<div class=\"elementor-posts-container elementor-posts elementor-posts--skin-cards elementor-grid\">\n\t\t\t\t<article class=\"elementor-post elementor-grid-item post-2785 post type-post status-publish format-standard has-post-thumbnail hentry category-blog\">\n\t\t\t<div class=\"elementor-post__card\">\n\t\t\t\t<a class=\"elementor-post__thumbnail__link\" href=\"https:\/\/grandfleuve.vn\/vi\/giao-luu-van-hoa-dia-phuong-ha-long\/\" tabindex=\"-1\"><div class=\"elementor-post__thumbnail\"><img fetchpriority=\"high\" decoding=\"async\" width=\"300\" height=\"200\" src=\"https:\/\/grandfleuve.vn\/wp-content\/uploads\/2026\/04\/giao-luu-van-hoa-dia-phuong-ha-long-3-300x200.jpg\" class=\"attachment-medium size-medium wp-image-2786\" alt=\"giao l\u01b0u v\u0103n h\u00f3a \u0111\u1ecba ph\u01b0\u01a1ng H\u1ea1 Long\" srcset=\"https:\/\/grandfleuve.vn\/wp-content\/uploads\/2026\/04\/giao-luu-van-hoa-dia-phuong-ha-long-3-300x200.jpg 300w, https:\/\/grandfleuve.vn\/wp-content\/uploads\/2026\/04\/giao-luu-van-hoa-dia-phuong-ha-long-3-768x513.jpg 768w, https:\/\/grandfleuve.vn\/wp-content\/uploads\/2026\/04\/giao-luu-van-hoa-dia-phuong-ha-long-3-18x12.jpg 18w, https:\/\/grandfleuve.vn\/wp-content\/uploads\/2026\/04\/giao-luu-van-hoa-dia-phuong-ha-long-3-700x466.jpg 700w, https:\/\/grandfleuve.vn\/wp-content\/uploads\/2026\/04\/giao-luu-van-hoa-dia-phuong-ha-long-3-440x294.jpg 440w, https:\/\/grandfleuve.vn\/wp-content\/uploads\/2026\/04\/giao-luu-van-hoa-dia-phuong-ha-long-3.jpg 800w\" sizes=\"(max-width: 300px) 100vw, 300px\" \/><\/div><\/a>\n\t\t\t\t<div class=\"elementor-post__text\">\n\t\t\t\t<h3 class=\"elementor-post__title\">\n\t\t\t<a href=\"https:\/\/grandfleuve.vn\/vi\/giao-luu-van-hoa-dia-phuong-ha-long\/\">\n\t\t\t\tGiao L\u01b0u V\u0103n H\u00f3a \u0110\u1ecba Ph\u01b0\u01a1ng H\u1ea1 Long: \u0102n G\u00ec, Ch\u01a1i G\u00ec?\t\t\t<\/a>\n\t\t<\/h3>\n\t\t\t\t<div class=\"elementor-post__excerpt\">\n\t\t\t<p>Ho\u1ea1t \u0111\u1ed9ng giao l\u01b0u v\u0103n h\u00f3a \u0111\u1ecba ph\u01b0\u01a1ng H\u1ea1 Long mang \u0111\u1ebfn c\u00e1i nh\u00ecn s\u00e2u s\u1eafc v\u1ec1 di s\u1ea3n tinh th\u1ea7n c\u1ee7a v\u00f9ng \u0111\u1ea5t di s\u1ea3n. M\u1ed7i tr\u1ea3i nghi\u1ec7m trong chu\u1ed7i giao l\u01b0u v\u0103n h\u00f3a \u0111\u1ecba ph\u01b0\u01a1ng H\u1ea1 Long \u0111\u1ec1u<\/p>\n\t\t<\/div>\n\t\t\n\t\t<a class=\"elementor-post__read-more\" href=\"https:\/\/grandfleuve.vn\/vi\/giao-luu-van-hoa-dia-phuong-ha-long\/\" aria-label=\"Read more about Giao L\u01b0u V\u0103n H\u00f3a \u0110\u1ecba Ph\u01b0\u01a1ng H\u1ea1 Long: \u0102n G\u00ec, Ch\u01a1i G\u00ec?\" tabindex=\"-1\">\n\t\t\tRead More \u00bb\t\t<\/a>\n\n\t\t\t\t<\/div>\n\t\t\t\t\t<\/div>\n\t\t<\/article>\n\t\t\t\t<article class=\"elementor-post elementor-grid-item post-2753 post type-post status-publish format-standard has-post-thumbnail hentry category-blog\">\n\t\t\t<div class=\"elementor-post__card\">\n\t\t\t\t<a class=\"elementor-post__thumbnail__link\" href=\"https:\/\/grandfleuve.vn\/vi\/du-lich-ha-long-mua-he\/\" tabindex=\"-1\"><div class=\"elementor-post__thumbnail\"><img decoding=\"async\" width=\"300\" height=\"178\" src=\"https:\/\/grandfleuve.vn\/wp-content\/uploads\/2026\/03\/du-lich-Ha-Long-mua-he4-300x178.png\" class=\"attachment-medium size-medium wp-image-2770\" alt=\"Tr\u1ea3i nghi\u1ec7m m\u00f9a h\u00e8 H\u1ea1 Long\" srcset=\"https:\/\/grandfleuve.vn\/wp-content\/uploads\/2026\/03\/du-lich-Ha-Long-mua-he4-300x178.png 300w, https:\/\/grandfleuve.vn\/wp-content\/uploads\/2026\/03\/du-lich-Ha-Long-mua-he4-768x455.png 768w, https:\/\/grandfleuve.vn\/wp-content\/uploads\/2026\/03\/du-lich-Ha-Long-mua-he4-18x12.png 18w, https:\/\/grandfleuve.vn\/wp-content\/uploads\/2026\/03\/du-lich-Ha-Long-mua-he4-440x261.png 440w, https:\/\/grandfleuve.vn\/wp-content\/uploads\/2026\/03\/du-lich-Ha-Long-mua-he4.png 800w\" sizes=\"(max-width: 300px) 100vw, 300px\" \/><\/div><\/a>\n\t\t\t\t<div class=\"elementor-post__text\">\n\t\t\t\t<h3 class=\"elementor-post__title\">\n\t\t\t<a href=\"https:\/\/grandfleuve.vn\/vi\/du-lich-ha-long-mua-he\/\">\n\t\t\t\tB\u1ecf t\u00fai \u0111i\u1ec3m \u0111\u1ebfn h\u1ea5p d\u1eabn cho k\u1ebf ho\u1ea1ch du l\u1ecbch H\u1ea1 Long m\u00f9a h\u00e8\t\t\t<\/a>\n\t\t<\/h3>\n\t\t\t\t<div class=\"elementor-post__excerpt\">\n\t\t\t<p>Du l\u1ecbch H\u1ea1 Long m\u00f9a h\u00e8 lu\u00f4n l\u00e0 l\u1ef1a ch\u1ecdn h\u00e0ng \u0111\u1ea7u cho nh\u1eefng ai y\u00eau th\u00edch l\u00e0n n\u01b0\u1edbc xanh v\u00e0 \u00e1nh n\u1eafng r\u1ef1c r\u1ee1. \u0110\u1ec3 c\u00f3 m\u1ed9t chuy\u1ebfn \u0111i tr\u1ecdn v\u1eb9n, b\u1ea1n c\u1ea7n chu\u1ea9n b\u1ecb l\u1ecbch tr\u00ecnh k\u1ef9 l\u01b0\u1ee1ng<\/p>\n\t\t<\/div>\n\t\t\n\t\t<a class=\"elementor-post__read-more\" href=\"https:\/\/grandfleuve.vn\/vi\/du-lich-ha-long-mua-he\/\" aria-label=\"Read more about B\u1ecf t\u00fai \u0111i\u1ec3m \u0111\u1ebfn h\u1ea5p d\u1eabn cho k\u1ebf ho\u1ea1ch du l\u1ecbch H\u1ea1 Long m\u00f9a h\u00e8\" tabindex=\"-1\">\n\t\t\tRead More \u00bb\t\t<\/a>\n\n\t\t\t\t<\/div>\n\t\t\t\t\t<\/div>\n\t\t<\/article>\n\t\t\t\t<article class=\"elementor-post elementor-grid-item post-2729 post type-post status-publish format-standard has-post-thumbnail hentry category-blog\">\n\t\t\t<div class=\"elementor-post__card\">\n\t\t\t\t<a class=\"elementor-post__thumbnail__link\" href=\"https:\/\/grandfleuve.vn\/vi\/kham-pha-ha-long-mua-xuan\/\" tabindex=\"-1\"><div class=\"elementor-post__thumbnail\"><img decoding=\"async\" width=\"300\" height=\"146\" src=\"https:\/\/grandfleuve.vn\/wp-content\/uploads\/2026\/03\/kham-pha-Ha-Long-mua-xuan7-300x146.png\" class=\"attachment-medium size-medium wp-image-2744\" alt=\"kh\u00e1m ph\u00e1 H\u1ea1 Long m\u00f9a xu\u00e2n\" srcset=\"https:\/\/grandfleuve.vn\/wp-content\/uploads\/2026\/03\/kham-pha-Ha-Long-mua-xuan7-300x146.png 300w, https:\/\/grandfleuve.vn\/wp-content\/uploads\/2026\/03\/kham-pha-Ha-Long-mua-xuan7-768x373.png 768w, https:\/\/grandfleuve.vn\/wp-content\/uploads\/2026\/03\/kham-pha-Ha-Long-mua-xuan7-18x9.png 18w, https:\/\/grandfleuve.vn\/wp-content\/uploads\/2026\/03\/kham-pha-Ha-Long-mua-xuan7-440x214.png 440w, https:\/\/grandfleuve.vn\/wp-content\/uploads\/2026\/03\/kham-pha-Ha-Long-mua-xuan7.png 800w\" sizes=\"(max-width: 300px) 100vw, 300px\" \/><\/div><\/a>\n\t\t\t\t<div class=\"elementor-post__text\">\n\t\t\t\t<h3 class=\"elementor-post__title\">\n\t\t\t<a href=\"https:\/\/grandfleuve.vn\/vi\/kham-pha-ha-long-mua-xuan\/\">\n\t\t\t\tTOP \u0111i\u1ec3m \u0111\u1ebfn v\u00e0 b\u00ed k\u00edp kh\u00e1m ph\u00e1 H\u1ea1 Long m\u00f9a xu\u00e2n 2026\t\t\t<\/a>\n\t\t<\/h3>\n\t\t\t\t<div class=\"elementor-post__excerpt\">\n\t\t\t<p>Kh\u00e1m ph\u00e1 H\u1ea1 Long m\u00f9a xu\u00e2n l\u00e0 h\u00e0nh tr\u00ecnh ch\u1ea1m \u0111\u1ebfn v\u1ebb \u0111\u1eb9p d\u1ecbu d\u00e0ng c\u1ee7a v\u1ecbnh bi\u1ec3n, n\u01a1i thi\u00ean nhi\u00ean v\u00e0 nh\u1ecbp s\u1ed1ng giao h\u00f2a. Kh\u00f4ng ch\u1ec9 \u0111\u01b0\u1ee3c \u0111\u1eafm m\u00ecnh v\u00e0o kh\u00f4ng kh\u00ed r\u1ed9n r\u00e0ng \u0111\u1ea7u n\u0103m, du kh\u00e1ch<\/p>\n\t\t<\/div>\n\t\t\n\t\t<a class=\"elementor-post__read-more\" href=\"https:\/\/grandfleuve.vn\/vi\/kham-pha-ha-long-mua-xuan\/\" aria-label=\"Read more about TOP \u0111i\u1ec3m \u0111\u1ebfn v\u00e0 b\u00ed k\u00edp kh\u00e1m ph\u00e1 H\u1ea1 Long m\u00f9a xu\u00e2n 2026\" tabindex=\"-1\">\n\t\t\tRead More \u00bb\t\t<\/a>\n\n\t\t\t\t<\/div>\n\t\t\t\t\t<\/div>\n\t\t<\/article>\n\t\t\t\t<article class=\"elementor-post elementor-grid-item post-2719 post type-post status-publish format-standard has-post-thumbnail hentry category-blog\">\n\t\t\t<div class=\"elementor-post__card\">\n\t\t\t\t<a class=\"elementor-post__thumbnail__link\" href=\"https:\/\/grandfleuve.vn\/vi\/du-lich-ha-long-mua-xuan\/\" tabindex=\"-1\"><div class=\"elementor-post__thumbnail\"><img loading=\"lazy\" decoding=\"async\" width=\"300\" height=\"200\" src=\"https:\/\/grandfleuve.vn\/wp-content\/uploads\/2026\/03\/du-lich-Ha-Long-mua-xuan2-300x200.png\" class=\"attachment-medium size-medium wp-image-2721\" alt=\"H\u1ea1 Long \u0111\u1ea7u n\u0103m\" srcset=\"https:\/\/grandfleuve.vn\/wp-content\/uploads\/2026\/03\/du-lich-Ha-Long-mua-xuan2-300x200.png 300w, https:\/\/grandfleuve.vn\/wp-content\/uploads\/2026\/03\/du-lich-Ha-Long-mua-xuan2-768x512.png 768w, https:\/\/grandfleuve.vn\/wp-content\/uploads\/2026\/03\/du-lich-Ha-Long-mua-xuan2-18x12.png 18w, https:\/\/grandfleuve.vn\/wp-content\/uploads\/2026\/03\/du-lich-Ha-Long-mua-xuan2-700x466.png 700w, https:\/\/grandfleuve.vn\/wp-content\/uploads\/2026\/03\/du-lich-Ha-Long-mua-xuan2-440x293.png 440w, https:\/\/grandfleuve.vn\/wp-content\/uploads\/2026\/03\/du-lich-Ha-Long-mua-xuan2.png 800w\" sizes=\"(max-width: 300px) 100vw, 300px\" \/><\/div><\/a>\n\t\t\t\t<div class=\"elementor-post__text\">\n\t\t\t\t<h3 class=\"elementor-post__title\">\n\t\t\t<a href=\"https:\/\/grandfleuve.vn\/vi\/du-lich-ha-long-mua-xuan\/\">\n\t\t\t\tDu l\u1ecbch H\u1ea1 Long m\u00f9a xu\u00e2n &#8211; Kh\u1edfi \u0111\u1ea7u n\u0103m m\u1edbi tr\u1ecdn v\u1eb9n\t\t\t<\/a>\n\t\t<\/h3>\n\t\t\t\t<div class=\"elementor-post__excerpt\">\n\t\t\t<p>Du l\u1ecbch H\u1ea1 Long m\u00f9a xu\u00e2n\u00a0m\u1edf ra th\u1eddi kh\u1eafc l\u00fd t\u01b0\u1edfng \u0111\u1ec3 c\u1ea3m nh\u1eadn tr\u1ecdn v\u1eb9n v\u1ebb \u0111\u1eb9p nguy\u00ean b\u1ea3n c\u1ee7a k\u1ef3 quan thi\u00ean nhi\u00ean th\u1ebf gi\u1edbi. Trong ti\u1ebft tr\u1eddi d\u1ecbu nh\u1eb9 c\u00f9ng kh\u00f4ng gian ng\u1eadp tr\u00e0n s\u1eafc xu\u00e2n t\u01b0\u01a1i<\/p>\n\t\t<\/div>\n\t\t\n\t\t<a class=\"elementor-post__read-more\" href=\"https:\/\/grandfleuve.vn\/vi\/du-lich-ha-long-mua-xuan\/\" aria-label=\"Read more about Du l\u1ecbch H\u1ea1 Long m\u00f9a xu\u00e2n &#8211; Kh\u1edfi \u0111\u1ea7u n\u0103m m\u1edbi tr\u1ecdn v\u1eb9n\" tabindex=\"-1\">\n\t\t\tRead More \u00bb\t\t<\/a>\n\n\t\t\t\t<\/div>\n\t\t\t\t\t<\/div>\n\t\t<\/article>\n\t\t\t\t<article class=\"elementor-post elementor-grid-item post-2695 post type-post status-publish format-standard has-post-thumbnail hentry category-blog\">\n\t\t\t<div class=\"elementor-post__card\">\n\t\t\t\t<a class=\"elementor-post__thumbnail__link\" href=\"https:\/\/grandfleuve.vn\/vi\/vui-choi-8-3-ha-long\/\" tabindex=\"-1\"><div class=\"elementor-post__thumbnail\"><img loading=\"lazy\" decoding=\"async\" width=\"300\" height=\"198\" src=\"https:\/\/grandfleuve.vn\/wp-content\/uploads\/2026\/03\/vui-choi-8-3-Ha-Long-9-300x198.png\" class=\"attachment-medium size-medium wp-image-2715\" alt=\"Vui ch\u01a1i 8\/3 H\u1ea1 Long\" srcset=\"https:\/\/grandfleuve.vn\/wp-content\/uploads\/2026\/03\/vui-choi-8-3-Ha-Long-9-300x198.png 300w, https:\/\/grandfleuve.vn\/wp-content\/uploads\/2026\/03\/vui-choi-8-3-Ha-Long-9-768x508.png 768w, https:\/\/grandfleuve.vn\/wp-content\/uploads\/2026\/03\/vui-choi-8-3-Ha-Long-9-18x12.png 18w, https:\/\/grandfleuve.vn\/wp-content\/uploads\/2026\/03\/vui-choi-8-3-Ha-Long-9-440x291.png 440w, https:\/\/grandfleuve.vn\/wp-content\/uploads\/2026\/03\/vui-choi-8-3-Ha-Long-9.png 800w\" sizes=\"(max-width: 300px) 100vw, 300px\" \/><\/div><\/a>\n\t\t\t\t<div class=\"elementor-post__text\">\n\t\t\t\t<h3 class=\"elementor-post__title\">\n\t\t\t<a href=\"https:\/\/grandfleuve.vn\/vi\/vui-choi-8-3-ha-long\/\">\n\t\t\t\tVui ch\u01a1i 8\/3 H\u1ea1 Long &#8211; Kh\u00e1m ph\u00e1 tr\u1ea3i nghi\u1ec7m \u00fd ngh\u0129a d\u00e0nh cho ph\u00e1i \u0111\u1eb9p\t\t\t<\/a>\n\t\t<\/h3>\n\t\t\t\t<div class=\"elementor-post__excerpt\">\n\t\t\t<p>M\u1ed9t chuy\u1ebfn vui ch\u01a1i 8\/3 H\u1ea1 Long ch\u00ednh l\u00e0 m\u00f3n qu\u00e0 tinh th\u1ea7n v\u00f4 gi\u00e1, gi\u00fap t\u1eadn h\u01b0\u1edfng s\u1ef1 th\u01b0 th\u00e1i gi\u1eefa l\u00f2ng k\u1ef3 quan thi\u00ean nhi\u00ean. V\u1edbi s\u1ef1 k\u1ebft h\u1ee3p ho\u00e0n h\u1ea3o gi\u1eefa c\u1ea3nh s\u1eafc v\u00e0 c\u00e1c ho\u1ea1t \u0111\u1ed9ng<\/p>\n\t\t<\/div>\n\t\t\n\t\t<a class=\"elementor-post__read-more\" href=\"https:\/\/grandfleuve.vn\/vi\/vui-choi-8-3-ha-long\/\" aria-label=\"Read more about Vui ch\u01a1i 8\/3 H\u1ea1 Long &#8211; Kh\u00e1m ph\u00e1 tr\u1ea3i nghi\u1ec7m \u00fd ngh\u0129a d\u00e0nh cho ph\u00e1i \u0111\u1eb9p\" tabindex=\"-1\">\n\t\t\tRead More \u00bb\t\t<\/a>\n\n\t\t\t\t<\/div>\n\t\t\t\t\t<\/div>\n\t\t<\/article>\n\t\t\t\t<article class=\"elementor-post elementor-grid-item post-2681 post type-post status-publish format-standard has-post-thumbnail hentry category-blog\">\n\t\t\t<div class=\"elementor-post__card\">\n\t\t\t\t<a class=\"elementor-post__thumbnail__link\" href=\"https:\/\/grandfleuve.vn\/vi\/lich-trinh-du-xuan-ha-long\/\" tabindex=\"-1\"><div class=\"elementor-post__thumbnail\"><img loading=\"lazy\" decoding=\"async\" width=\"300\" height=\"168\" src=\"https:\/\/grandfleuve.vn\/wp-content\/uploads\/2026\/03\/lich-trinh-du-xuan-Ha-Long4-300x168.png\" class=\"attachment-medium size-medium wp-image-2685\" alt=\"ngh\u1ec9 d\u01b0\u1ee1ng H\u1ea1 Long \u0111\u1ea7u n\u0103m\" srcset=\"https:\/\/grandfleuve.vn\/wp-content\/uploads\/2026\/03\/lich-trinh-du-xuan-Ha-Long4-300x168.png 300w, https:\/\/grandfleuve.vn\/wp-content\/uploads\/2026\/03\/lich-trinh-du-xuan-Ha-Long4-768x431.png 768w, https:\/\/grandfleuve.vn\/wp-content\/uploads\/2026\/03\/lich-trinh-du-xuan-Ha-Long4-18x10.png 18w, https:\/\/grandfleuve.vn\/wp-content\/uploads\/2026\/03\/lich-trinh-du-xuan-Ha-Long4-440x247.png 440w, https:\/\/grandfleuve.vn\/wp-content\/uploads\/2026\/03\/lich-trinh-du-xuan-Ha-Long4.png 800w\" sizes=\"(max-width: 300px) 100vw, 300px\" \/><\/div><\/a>\n\t\t\t\t<div class=\"elementor-post__text\">\n\t\t\t\t<h3 class=\"elementor-post__title\">\n\t\t\t<a href=\"https:\/\/grandfleuve.vn\/vi\/lich-trinh-du-xuan-ha-long\/\">\n\t\t\t\tG\u1ee3i \u00fd l\u1ecbch tr\u00ecnh du xu\u00e2n H\u1ea1 Long d\u1ecbp T\u1ebft B\u00ednh Ng\u1ecd 2026\t\t\t<\/a>\n\t\t<\/h3>\n\t\t\t\t<div class=\"elementor-post__excerpt\">\n\t\t\t<p>M\u1ed9t\u00a0l\u1ecbch tr\u00ecnh du xu\u00e2n H\u1ea1 Long\u00a0\u0111\u01b0\u1ee3c chu\u1ea9n b\u1ecb chu \u0111\u00e1o s\u1ebd l\u00e0 kh\u1edfi \u0111\u1ea7u ho\u00e0n h\u1ea3o \u0111\u1ec3 b\u1ea1n \u0111\u00f3n ch\u00e0o n\u0103m m\u1edbi \u0111\u1ea7y h\u1ee9ng kh\u1edfi. Gi\u1eefa ti\u1ebft tr\u1eddi xu\u00e2n se l\u1ea1nh v\u00e0 m\u00e0n s\u01b0\u01a1ng m\u1edd \u1ea3o tr\u00ean v\u1ecbnh, chuy\u1ebfn \u0111i<\/p>\n\t\t<\/div>\n\t\t\n\t\t<a class=\"elementor-post__read-more\" href=\"https:\/\/grandfleuve.vn\/vi\/lich-trinh-du-xuan-ha-long\/\" aria-label=\"Read more about G\u1ee3i \u00fd l\u1ecbch tr\u00ecnh du xu\u00e2n H\u1ea1 Long d\u1ecbp T\u1ebft B\u00ednh Ng\u1ecd 2026\" tabindex=\"-1\">\n\t\t\tRead More \u00bb\t\t<\/a>\n\n\t\t\t\t<\/div>\n\t\t\t\t\t<\/div>\n\t\t<\/article>\n\t\t\t\t<\/div>\n\t\t\t\t\t<span class=\"e-load-more-spinner\">\n\t\t\t\t<svg aria-hidden=\"true\" class=\"e-font-icon-svg e-fas-spinner\" viewbox=\"0 0 512 512\" xmlns=\"http:\/\/www.w3.org\/2000\/svg\"><path d=\"M304 48c0 26.51-21.49 48-48 48s-48-21.49-48-48 21.49-48 48-48 48 21.49 48 48zm-48 368c-26.51 0-48 21.49-48 48s21.49 48 48 48 48-21.49 48-48-21.49-48-48-48zm208-208c-26.51 0-48 21.49-48 48s21.49 48 48 48 48-21.49 48-48-21.49-48-48-48zM96 256c0-26.51-21.49-48-48-48S0 229.49 0 256s21.49 48 48 48 48-21.49 48-48zm12.922 99.078c-26.51 0-48 21.49-48 48s21.49 48 48 48 48-21.49 48-48c0-26.509-21.491-48-48-48zm294.156 0c-26.51 0-48 21.49-48 48s21.49 48 48 48 48-21.49 48-48c0-26.509-21.49-48-48-48zM108.922 60.922c-26.51 0-48 21.49-48 48s21.49 48 48 48 48-21.49 48-48-21.491-48-48-48z\"><\/path><\/svg>\t\t\t<\/span>\n\t\t\n\t\t\t\t<div class=\"e-load-more-anchor\" data-page=\"1\" data-max-page=\"8\" data-next-page=\"https:\/\/grandfleuve.vn\/vi\/wp-json\/wp\/v2\/pages\/1425\/page\/2\/\"><\/div>\n\t\t\t\t<div class=\"e-load-more-message\"><\/div>\n\t\t\t\t<\/div>\n\t\t\t\t<\/div>\n\t\t\t\t<\/div>\n\t\t\t\t<\/div>","protected":false},"excerpt":{"rendered":"","protected":false},"author":1,"featured_media":0,"parent":0,"menu_order":0,"comment_status":"closed","ping_status":"closed","template":"elementor_header_footer","meta":{"footnotes":""},"class_list":["post-1425","page","type-page","status-publish","hentry"],"acf":[],"_links":{"self":[{"href":"https:\/\/grandfleuve.vn\/vi\/wp-json\/wp\/v2\/pages\/1425","targetHints":{"allow":["GET"]}}],"collection":[{"href":"https:\/\/grandfleuve.vn\/vi\/wp-json\/wp\/v2\/pages"}],"about":[{"href":"https:\/\/grandfleuve.vn\/vi\/wp-json\/wp\/v2\/types\/page"}],"author":[{"embeddable":true,"href":"https:\/\/grandfleuve.vn\/vi\/wp-json\/wp\/v2\/users\/1"}],"replies":[{"embeddable":true,"href":"https:\/\/grandfleuve.vn\/vi\/wp-json\/wp\/v2\/comments?post=1425"}],"version-history":[{"count":25,"href":"https:\/\/grandfleuve.vn\/vi\/wp-json\/wp\/v2\/pages\/1425\/revisions"}],"predecessor-version":[{"id":1869,"href":"https:\/\/grandfleuve.vn\/vi\/wp-json\/wp\/v2\/pages\/1425\/revisions\/1869"}],"wp:attachment":[{"href":"https:\/\/grandfleuve.vn\/vi\/wp-json\/wp\/v2\/media?parent=1425"}],"curies":[{"name":"wp","href":"https:\/\/api.w.org\/{rel}","templated":true}]}}